{"id":27,"date":"2023-01-03T15:27:16","date_gmt":"2023-01-03T15:27:16","guid":{"rendered":"http:\/\/normat.com.ar\/newsite\/?page_id=27"},"modified":"2023-04-04T16:50:34","modified_gmt":"2023-04-04T16:50:34","slug":"novedades","status":"publish","type":"page","link":"http:\/\/normat.com.ar\/newsite\/novedades\/","title":{"rendered":"Novedades"},"content":{"rendered":"\n<p><strong>X-Road avanza en el intercambio de datos entre entes p\u00fablicos<\/strong><\/p>\n\n\n\n<p>Las provincias de Neuqu\u00e9n, Chaco y Catamarca ya est\u00e1n usando esta plataforma de intercambio de datos desarrollada en Estonia y con c\u00f3digo abierto. Es el coraz\u00f3n del Ecosistema Digital de Integrabilidad, que este a\u00f1o podr\u00eda agregar otras cinco provincias a su \u00f3rbita. En Neuqu\u00e9n ya son m\u00e1s de 50 las organizaciones p\u00fablicas y privadas que comparten sus datos.<\/p>\n\n\n\n<p><strong>X-Road genera un ambiente sanitizado de comunicaci\u00f3n digital<\/strong><\/p>\n\n\n\n<p>El especialista explica sobre un recurso tecnol\u00f3gico, basado en blockchain, que Estonia desarroll\u00f3 para su gobierno digital y que puso a disposici\u00f3n del mundo, de forma gratuita, para ayudar al mejor desempe\u00f1o del sistema de salud mundial; algo que resulta a las claras una buena noticia pero que, sin embargo, requiere de concientizaci\u00f3n y de posicionamiento en distintas esferas.<\/p>\n\n\n\n<p><\/p>\n","protected":false},"excerpt":{"rendered":"<p>X-Road avanza en el intercambio de datos entre entes p\u00fablicos Las provincias de Neuqu\u00e9n, Chaco y Catamarca ya est\u00e1n usando esta plataforma de intercambio de datos desarrollada en Estonia y &#8230;<\/p>\n","protected":false},"author":2,"featured_media":0,"parent":0,"menu_order":0,"comment_status":"closed","ping_status":"closed","template":"","meta":[],"_links":{"self":[{"href":"http:\/\/normat.com.ar\/newsite\/wp-json\/wp\/v2\/pages\/27"}],"collection":[{"href":"http:\/\/normat.com.ar\/newsite\/wp-json\/wp\/v2\/pages"}],"about":[{"href":"http:\/\/normat.com.ar\/newsite\/wp-json\/wp\/v2\/types\/page"}],"author":[{"embeddable":true,"href":"http:\/\/normat.com.ar\/newsite\/wp-json\/wp\/v2\/users\/2"}],"replies":[{"embeddable":true,"href":"http:\/\/normat.com.ar\/newsite\/wp-json\/wp\/v2\/comments?post=27"}],"version-history":[{"count":5,"href":"http:\/\/normat.com.ar\/newsite\/wp-json\/wp\/v2\/pages\/27\/revisions"}],"predecessor-version":[{"id":185,"href":"http:\/\/normat.com.ar\/newsite\/wp-json\/wp\/v2\/pages\/27\/revisions\/185"}],"wp:attachment":[{"href":"http:\/\/normat.com.ar\/newsite\/wp-json\/wp\/v2\/media?parent=27"}],"curies":[{"name":"wp","href":"https:\/\/api.w.org\/{rel}","templated":true}]}}