{"id":24,"date":"2023-01-03T15:22:35","date_gmt":"2023-01-03T15:22:35","guid":{"rendered":"http:\/\/normat.com.ar\/newsite\/?page_id=24"},"modified":"2023-01-06T18:05:41","modified_gmt":"2023-01-06T18:05:41","slug":"servicios","status":"publish","type":"page","link":"http:\/\/normat.com.ar\/newsite\/servicios\/","title":{"rendered":"Nuestros Servicios"},"content":{"rendered":"\n<p><strong>IMPLEMENTAMOS X-ROAD<\/strong><\/p>\n\n\n\n<p>X-Road\u00ae es un software de c\u00f3digo abierto y una soluci\u00f3n de ecosistema que proporciona un intercambio de datos unificado y seguro entre organizaciones.<\/p>\n\n\n\n<p>X-Road es una capa de intercambio de datos estandarizada, cohesiva, colaborativa, interoperable y segura que brinda a los proveedores de servicios una oportunidad completamente nueva de hacerse visibles en servicios dirigidos a ciudadanos, empresas y funcionarios p\u00fablicos. La creaci\u00f3n de entidades que combinan muchos servicios y fuentes de datos diferentes es f\u00e1cil y rentable.<\/p>\n\n\n\n<p><strong>SERVICIOS OFRECIDOS<\/strong><\/p>\n\n\n\n<ul>\n<li>Inicio e Implementaci\u00f3n del Operador X-Road<\/li>\n<\/ul>\n\n\n\n<ul>\n<li>Implementaci\u00f3n de Nodos X-Road en las entidades que se dispongan<\/li>\n<\/ul>\n\n\n\n<ul>\n<li>Implementaci\u00f3n de Servicios de Confianza<\/li>\n<\/ul>\n\n\n\n<ul>\n<li>Desarrollo de Sistema de Gesti\u00f3n de paquetes<\/li>\n<\/ul>\n\n\n\n<ul>\n<li>Capacitaci\u00f3n y transferencia de conocimiento<\/li>\n<\/ul>\n","protected":false},"excerpt":{"rendered":"<p>IMPLEMENTAMOS X-ROAD X-Road\u00ae es un software de c\u00f3digo abierto y una soluci\u00f3n de ecosistema que proporciona un intercambio de datos unificado y seguro entre organizaciones. X-Road es una capa de &#8230;<\/p>\n","protected":false},"author":2,"featured_media":0,"parent":0,"menu_order":0,"comment_status":"closed","ping_status":"closed","template":"","meta":[],"_links":{"self":[{"href":"http:\/\/normat.com.ar\/newsite\/wp-json\/wp\/v2\/pages\/24"}],"collection":[{"href":"http:\/\/normat.com.ar\/newsite\/wp-json\/wp\/v2\/pages"}],"about":[{"href":"http:\/\/normat.com.ar\/newsite\/wp-json\/wp\/v2\/types\/page"}],"author":[{"embeddable":true,"href":"http:\/\/normat.com.ar\/newsite\/wp-json\/wp\/v2\/users\/2"}],"replies":[{"embeddable":true,"href":"http:\/\/normat.com.ar\/newsite\/wp-json\/wp\/v2\/comments?post=24"}],"version-history":[{"count":7,"href":"http:\/\/normat.com.ar\/newsite\/wp-json\/wp\/v2\/pages\/24\/revisions"}],"predecessor-version":[{"id":124,"href":"http:\/\/normat.com.ar\/newsite\/wp-json\/wp\/v2\/pages\/24\/revisions\/124"}],"wp:attachment":[{"href":"http:\/\/normat.com.ar\/newsite\/wp-json\/wp\/v2\/media?parent=24"}],"curies":[{"name":"wp","href":"https:\/\/api.w.org\/{rel}","templated":true}]}}