{"id":2,"date":"2013-11-06T11:55:36","date_gmt":"2013-11-06T11:55:36","guid":{"rendered":"http:\/\/normat.com.ar\/newsite\/?page_id=2"},"modified":"2023-01-09T18:53:29","modified_gmt":"2023-01-09T18:53:29","slug":"nosotros","status":"publish","type":"page","link":"http:\/\/normat.com.ar\/newsite\/nosotros\/","title":{"rendered":"Acerca de Nosotros"},"content":{"rendered":"<p><strong>NORMAT<\/strong> es una empresa dedicada a aportar a sus clientes soluciones completas en el entorno de las Tecnolog\u00edas de la Informaci\u00f3n.<\/p>\n<p>Cada uno de sus integrantes tiene una amplia experiencia en las \u00e1reas que tienen a su cargo, adquirida en el trabajo con grandes organizaciones.<\/p>\n<p>Nuestro objetivo es la soluci\u00f3n integral de las necesidades del cliente en inform\u00e1tica y comunicaciones.<\/p>\n<p>As\u00ed, ponemos un equipo de profesionales con experiencia y titulaci\u00f3n, perfectamente preparados para hacer frente a sus retos inform\u00e1ticos.<\/p>\n<p>NUESTROS VALORES<\/p>\n<ul>\n<li>Servicios al cliente<\/li>\n<li>Calidad de Servicio<\/li>\n<li>Innovaci\u00f3n permanente<\/li>\n<li>Comportamiento \u00e9tico<\/li>\n<li>Trabajo en colaboraci\u00f3n<\/li>\n<\/ul>\n","protected":false},"excerpt":{"rendered":"<p>NORMAT es una empresa dedicada a aportar a sus clientes soluciones completas en el entorno de las Tecnolog\u00edas de la Informaci\u00f3n. Cada uno de sus integrantes tiene una amplia experiencia &#8230;<\/p>\n","protected":false},"author":2,"featured_media":0,"parent":0,"menu_order":0,"comment_status":"closed","ping_status":"closed","template":"","meta":[],"_links":{"self":[{"href":"http:\/\/normat.com.ar\/newsite\/wp-json\/wp\/v2\/pages\/2"}],"collection":[{"href":"http:\/\/normat.com.ar\/newsite\/wp-json\/wp\/v2\/pages"}],"about":[{"href":"http:\/\/normat.com.ar\/newsite\/wp-json\/wp\/v2\/types\/page"}],"author":[{"embeddable":true,"href":"http:\/\/normat.com.ar\/newsite\/wp-json\/wp\/v2\/users\/2"}],"replies":[{"embeddable":true,"href":"http:\/\/normat.com.ar\/newsite\/wp-json\/wp\/v2\/comments?post=2"}],"version-history":[{"count":3,"href":"http:\/\/normat.com.ar\/newsite\/wp-json\/wp\/v2\/pages\/2\/revisions"}],"predecessor-version":[{"id":175,"href":"http:\/\/normat.com.ar\/newsite\/wp-json\/wp\/v2\/pages\/2\/revisions\/175"}],"wp:attachment":[{"href":"http:\/\/normat.com.ar\/newsite\/wp-json\/wp\/v2\/media?parent=2"}],"curies":[{"name":"wp","href":"https:\/\/api.w.org\/{rel}","templated":true}]}}